{"id":9013,"date":"2022-01-19T11:37:14","date_gmt":"2022-01-19T10:37:56","guid":{"rendered":"https:\/\/www.legrandbe.com\/?page_id=9013"},"modified":"2022-02-17T16:01:19","modified_gmt":"2022-02-17T15:01:19","slug":"hotel-island-grand-be","status":"publish","type":"page","link":"https:\/\/www.legrandbe.com\/en\/saint-malo-bretagne-hotel\/hotel-island-grand-be\/","title":{"rendered":"Grand B\u00e9 Island"},"content":{"rendered":"<div data-elementor-type=\"wp-page\" data-elementor-id=\"9013\" class=\"elementor elementor-9013\" data-elementor-post-type=\"page\">\n\t\t\t\t\t\t<section class=\"elementor-section elementor-top-section elementor-element elementor-element-26f0ed9 elementor-section-height-min-height elementor-hidden-phone elementor-section-boxed elementor-section-height-default elementor-section-items-middle\" data-id=\"26f0ed9\" data-element_type=\"section\" data-settings=\"{&quot;background_background&quot;:&quot;classic&quot;,&quot;background_motion_fx_motion_fx_scrolling&quot;:&quot;yes&quot;,&quot;background_motion_fx_translateY_effect&quot;:&quot;yes&quot;,&quot;background_motion_fx_translateY_speed&quot;:{&quot;unit&quot;:&quot;px&quot;,&quot;size&quot;:5.2,&quot;sizes&quot;:[]},&quot;background_motion_fx_translateY_affectedRange&quot;:{&quot;unit&quot;:&quot;%&quot;,&quot;size&quot;:&quot;&quot;,&quot;sizes&quot;:{&quot;start&quot;:14,&quot;end&quot;:100}},&quot;background_motion_fx_devices&quot;:[&quot;desktop&quot;,&quot;tablet&quot;],&quot;background_motion_fx_range&quot;:&quot;page&quot;}\">\n\t\t\t\t\t\t<div class=\"elementor-container elementor-column-gap-default\">\n\t\t\t\t\t<div class=\"elementor-column elementor-col-100 elementor-top-column elementor-element elementor-element-117eb70\" data-id=\"117eb70\" data-element_type=\"column\">\n\t\t\t<div class=\"elementor-widget-wrap\">\n\t\t\t\t\t\t\t<\/div>\n\t\t<\/div>\n\t\t\t\t\t<\/div>\n\t\t<\/section>\n\t\t\t\t<section class=\"elementor-section elementor-top-section elementor-element elementor-element-8e5244a elementor-section-boxed elementor-section-height-default elementor-section-height-default\" data-id=\"8e5244a\" data-element_type=\"section\">\n\t\t\t\t\t\t<div class=\"elementor-container elementor-column-gap-default\">\n\t\t\t\t\t<div class=\"elementor-column elementor-col-100 elementor-top-column elementor-element elementor-element-eeea6b5\" data-id=\"eeea6b5\" data-element_type=\"column\">\n\t\t\t<div class=\"elementor-widget-wrap elementor-element-populated\">\n\t\t\t\t\t\t<section class=\"elementor-section elementor-inner-section elementor-element elementor-element-e5d7670 elementor-reverse-mobile elementor-section-boxed elementor-section-height-default elementor-section-height-default\" data-id=\"e5d7670\" data-element_type=\"section\">\n\t\t\t\t\t\t<div class=\"elementor-container elementor-column-gap-default\">\n\t\t\t\t\t<div class=\"elementor-column elementor-col-50 elementor-inner-column elementor-element elementor-element-c22e479 elementor-invisible\" data-id=\"c22e479\" data-element_type=\"column\" data-settings=\"{&quot;animation&quot;:&quot;fadeInLeft&quot;}\">\n\t\t\t<div class=\"elementor-widget-wrap elementor-element-populated\">\n\t\t\t\t\t\t<div class=\"elementor-element elementor-element-12d1d86 elementor-widget-divider--view-line elementor-widget elementor-widget-divider\" data-id=\"12d1d86\" data-element_type=\"widget\" data-widget_type=\"divider.default\">\n\t\t\t\t<div class=\"elementor-widget-container\">\n\t\t\t\t\t\t\t<div class=\"elementor-divider\">\n\t\t\t<span class=\"elementor-divider-separator\">\n\t\t\t\t\t\t<\/span>\n\t\t<\/div>\n\t\t\t\t\t\t<\/div>\n\t\t\t\t<\/div>\n\t\t\t\t<div class=\"elementor-element elementor-element-5d90c91 elementor-widget elementor-widget-heading\" data-id=\"5d90c91\" data-element_type=\"widget\" data-widget_type=\"heading.default\">\n\t\t\t\t<div class=\"elementor-widget-container\">\n\t\t\t\t\t<h1 class=\"elementor-heading-title elementor-size-default\">The island of the big baby<\/h1>\t\t\t\t<\/div>\n\t\t\t\t<\/div>\n\t\t\t\t<div class=\"elementor-element elementor-element-80e54b9 elementor-widget elementor-widget-text-editor\" data-id=\"80e54b9\" data-element_type=\"widget\" data-widget_type=\"text-editor.default\">\n\t\t\t\t<div class=\"elementor-widget-container\">\n\t\t\t\t\t\t\t\t\t<div class=\"elementor-element elementor-element-53d0be5 elementor-widget elementor-widget-text-editor\" data-id=\"53d0be5\" data-element_type=\"widget\" data-widget_type=\"text-editor.default\"><div class=\"elementor-widget-container\"><div class=\"elementor-text-editor elementor-clearfix\"><p>Enjoy a weekend, or a long luxury stay at the hotel Le Grand B\u00e9****. Our hotel bears the same name as the island where the famous writer Chateaubriand is buried. From the hotel, the island of Grand B\u00e9 is also a pleasant place for a walk. Discover a wonderful panorama that will leave you with fond memories.<\/p><p><strong>From the hotel l'\u00eele du Grand B\u00e9<\/strong><br \/>The word \"Bey\" means \"grave\" in Celtic. Indeed, this rocky mound shelters the tomb of the famous writer from Saint-Malo, Fran\u00e7ois-Ren\u00e9 de Chateaubriand. This uninhabited island is located a few hundred metres from Saint-Malo and is accessible on foot at low tide. Once you arrive on the island, you can see Chateaubriand's tomb where the writer seems to continue his conversation with the sea. But what you admire most of all is the magnificent location and the breathtaking view of the citadel and its surroundings.<\/p><p>This island facing the ocean is a real haven of peace, where you can listen to the sound of the wind and the sea. A spectacular site that guarantees a total change of scenery. To get there, check the tide tables beforehand. A few dozen metres away is the Petit B\u00e9 fort, this 17th century Vauban fort also offers an unforgettable view of the Emerald Coast.<\/p><p><strong>Why Le Grand B\u00e9?<\/strong><br \/>In the desire to be part of the life and history of Saint-Malo, the name of the hotel Le Grand B\u00e9 is a nod to the island of the same name, a mythical place dear to the hearts of the people of Saint-Malo.<br \/>Enjoy the history of Saint-Malo and a 4-star hotel ideally located, offering high quality service and amenities. Treat yourself to an exceptional moment in a charming place, perfect for a long stay or even a weekend.<\/p><\/div><\/div><\/div>\t\t\t\t\t\t\t\t<\/div>\n\t\t\t\t<\/div>\n\t\t\t\t\t<\/div>\n\t\t<\/div>\n\t\t\t\t<div class=\"elementor-column elementor-col-50 elementor-inner-column elementor-element elementor-element-3e58e31 elementor-hidden-tablet elementor-invisible\" data-id=\"3e58e31\" data-element_type=\"column\" data-settings=\"{&quot;animation&quot;:&quot;fadeInRight&quot;}\">\n\t\t\t<div class=\"elementor-widget-wrap elementor-element-populated\">\n\t\t\t\t\t\t<div class=\"elementor-element elementor-element-b828e4a elementor-widget elementor-widget-image\" data-id=\"b828e4a\" data-element_type=\"widget\" data-widget_type=\"image.default\">\n\t\t\t\t<div class=\"elementor-widget-container\">\n\t\t\t\t\t\t\t\t\t\t\t\t\t\t\t<img decoding=\"async\" src=\"https:\/\/www.legrandbe.com\/wp-content\/uploads\/elementor\/thumbs\/saintmalo-grand-b-telescope-picture-id1365452260-pjv835o3wg2wl5it1dq0vyhqrd4xl95wi1nfwn44c8.jpg\" title=\"saintmalo-grand-b-telescope-picture-id1365452260\" alt=\"saintmalo-grand-b-telescope-picture-id1365452260\" loading=\"lazy\" \/>\t\t\t\t\t\t\t\t\t\t\t\t\t\t\t<\/div>\n\t\t\t\t<\/div>\n\t\t\t\t\t<\/div>\n\t\t<\/div>\n\t\t\t\t\t<\/div>\n\t\t<\/section>\n\t\t\t\t\t<\/div>\n\t\t<\/div>\n\t\t\t\t\t<\/div>\n\t\t<\/section>\n\t\t\t\t<section class=\"elementor-section elementor-top-section elementor-element elementor-element-4d2d401 elementor-section-full_width elementor-section-height-default elementor-section-height-default\" data-id=\"4d2d401\" data-element_type=\"section\">\n\t\t\t\t\t\t<div class=\"elementor-container elementor-column-gap-default\">\n\t\t\t\t\t<div class=\"elementor-column elementor-col-100 elementor-top-column elementor-element elementor-element-027239e\" data-id=\"027239e\" data-element_type=\"column\">\n\t\t\t<div class=\"elementor-widget-wrap elementor-element-populated\">\n\t\t\t\t\t\t<div class=\"elementor-element elementor-element-df75afd elementor-widget elementor-widget-heading\" data-id=\"df75afd\" data-element_type=\"widget\" data-widget_type=\"heading.default\">\n\t\t\t\t<div class=\"elementor-widget-container\">\n\t\t\t\t\t<div class=\"elementor-heading-title elementor-size-default\">See also<\/div>\t\t\t\t<\/div>\n\t\t\t\t<\/div>\n\t\t\t\t<div class=\"elementor-element elementor-element-96018cd elementor-widget elementor-widget-template\" data-id=\"96018cd\" data-element_type=\"widget\" data-widget_type=\"template.default\">\n\t\t\t\t<div class=\"elementor-widget-container\">\n\t\t\t\t\t\t\t<div class=\"elementor-template\">\n\t\t\t\t\t<div data-elementor-type=\"section\" data-elementor-id=\"9106\" class=\"elementor elementor-9106\" data-elementor-post-type=\"elementor_library\">\n\t\t\t\t\t<section class=\"elementor-section elementor-top-section elementor-element elementor-element-4d3a9afa elementor-section-boxed elementor-section-height-default elementor-section-height-default\" data-id=\"4d3a9afa\" data-element_type=\"section\">\n\t\t\t\t\t\t\t<div class=\"elementor-background-overlay\"><\/div>\n\t\t\t\t\t\t\t<div class=\"elementor-container elementor-column-gap-default\">\n\t\t\t\t\t<div class=\"elementor-column elementor-col-100 elementor-top-column elementor-element elementor-element-30992093\" data-id=\"30992093\" data-element_type=\"column\">\n\t\t\t<div class=\"elementor-widget-wrap elementor-element-populated\">\n\t\t\t\t\t\t<section class=\"elementor-section elementor-inner-section elementor-element elementor-element-3eebd24c elementor-section-boxed elementor-section-height-default elementor-section-height-default\" data-id=\"3eebd24c\" data-element_type=\"section\">\n\t\t\t\t\t\t<div class=\"elementor-container elementor-column-gap-default\">\n\t\t\t\t\t<div class=\"elementor-column elementor-col-100 elementor-inner-column elementor-element elementor-element-3c1303c\" data-id=\"3c1303c\" data-element_type=\"column\">\n\t\t\t<div class=\"elementor-widget-wrap elementor-element-populated\">\n\t\t\t\t\t\t<div class=\"elementor-element elementor-element-1b957d95 elementor-cta--skin-cover elementor-cta--valign-bottom cta-tourisme elementor-widget__width-initial dc-has-condition dc-condition-equal elementor-widget elementor-widget-call-to-action\" data-id=\"1b957d95\" data-element_type=\"widget\" data-widget_type=\"call-to-action.default\">\n\t\t\t\t<div class=\"elementor-widget-container\">\n\t\t\t\t\t\t\t<a class=\"elementor-cta\" href=\"https:\/\/www.legrandbe.com\/en\/saint-malo-bretagne-hotel\/\">\n\t\t\t\t\t<div class=\"elementor-cta__bg-wrapper\">\n\t\t\t\t<div class=\"elementor-cta__bg elementor-bg\" style=\"background-image: url(https:\/\/www.legrandbe.com\/wp-content\/uploads\/2022\/02\/the-walled-city-of-saintmalo-france-with-granite-residential-above-picture-id999432182-1024x576.jpg);\" role=\"img\" aria-label=\"the-walled-city-of-saintmalo-france-with-granite-residential-above-picture-id999432182\"><\/div>\n\t\t\t\t<div class=\"elementor-cta__bg-overlay\"><\/div>\n\t\t\t<\/div>\n\t\t\t\t\t\t\t<div class=\"elementor-cta__content\">\n\t\t\t\t\n\t\t\t\t\t\t\t\t\t<h2 class=\"elementor-cta__title elementor-cta__content-item elementor-content-item\">\n\t\t\t\t\t\tSaint-Malo\t\t\t\t\t<\/h2>\n\t\t\t\t\n\t\t\t\t\n\t\t\t\t\t\t\t<\/div>\n\t\t\t\t\t\t<\/a>\n\t\t\t\t\t\t<\/div>\n\t\t\t\t<\/div>\n\t\t\t\t<div class=\"elementor-element elementor-element-2312f18 elementor-cta--skin-cover elementor-cta--valign-bottom cta-tourisme elementor-widget__width-initial dc-has-condition dc-condition-equal elementor-widget elementor-widget-call-to-action\" data-id=\"2312f18\" data-element_type=\"widget\" data-widget_type=\"call-to-action.default\">\n\t\t\t\t<div class=\"elementor-widget-container\">\n\t\t\t\t\t\t\t<a class=\"elementor-cta\" href=\"https:\/\/www.legrandbe.com\/en\/saint-malo-bretagne-hotel\/charming-hotel-saint-malo\/\">\n\t\t\t\t\t<div class=\"elementor-cta__bg-wrapper\">\n\t\t\t\t<div class=\"elementor-cta__bg elementor-bg\" style=\"background-image: url(https:\/\/www.legrandbe.com\/wp-content\/uploads\/2022\/01\/saint-malo-coucher-soeil-1024x1024.jpg);\" role=\"img\" aria-label=\"saint-malo-coucher-soeil\"><\/div>\n\t\t\t\t<div class=\"elementor-cta__bg-overlay\"><\/div>\n\t\t\t<\/div>\n\t\t\t\t\t\t\t<div class=\"elementor-cta__content\">\n\t\t\t\t\n\t\t\t\t\t\t\t\t\t<h2 class=\"elementor-cta__title elementor-cta__content-item elementor-content-item\">\n\t\t\t\t\t\tSaint-Malo, ideal destination for a romantic weekend\t\t\t\t\t<\/h2>\n\t\t\t\t\n\t\t\t\t\n\t\t\t\t\t\t\t<\/div>\n\t\t\t\t\t\t<\/a>\n\t\t\t\t\t\t<\/div>\n\t\t\t\t<\/div>\n\t\t\t\t<div class=\"elementor-element elementor-element-7218690f elementor-cta--skin-cover elementor-cta--valign-bottom cta-tourisme elementor-widget__width-initial dc-has-condition dc-condition-equal elementor-widget elementor-widget-call-to-action\" data-id=\"7218690f\" data-element_type=\"widget\" data-widget_type=\"call-to-action.default\">\n\t\t\t\t<div class=\"elementor-widget-container\">\n\t\t\t\t\t\t\t<a class=\"elementor-cta\" href=\"https:\/\/www.legrandbe.com\/en\/saint-malo-bretagne-hotel\/going-out-saint-malo\/\">\n\t\t\t\t\t<div class=\"elementor-cta__bg-wrapper\">\n\t\t\t\t<div class=\"elementor-cta__bg elementor-bg\" style=\"background-image: url(https:\/\/www.legrandbe.com\/wp-content\/uploads\/2022\/01\/saint-malo-panneaux-1024x1017.jpg);\" role=\"img\" aria-label=\"saint-malo-panels\"><\/div>\n\t\t\t\t<div class=\"elementor-cta__bg-overlay\"><\/div>\n\t\t\t<\/div>\n\t\t\t\t\t\t\t<div class=\"elementor-cta__content\">\n\t\t\t\t\n\t\t\t\t\t\t\t\t\t<h2 class=\"elementor-cta__title elementor-cta__content-item elementor-content-item\">\n\t\t\t\t\t\t10 ideas for outings to discover Saint-Malo\t\t\t\t\t<\/h2>\n\t\t\t\t\n\t\t\t\t\n\t\t\t\t\t\t\t<\/div>\n\t\t\t\t\t\t<\/a>\n\t\t\t\t\t\t<\/div>\n\t\t\t\t<\/div>\n\t\t\t\t<div class=\"elementor-element elementor-element-6985bcc1 elementor-cta--skin-cover elementor-cta--valign-bottom cta-tourisme elementor-widget__width-initial dc-has-condition dc-condition-equal elementor-widget elementor-widget-call-to-action\" data-id=\"6985bcc1\" data-element_type=\"widget\" data-widget_type=\"call-to-action.default\">\n\t\t\t\t<div class=\"elementor-widget-container\">\n\t\t\t\t\t\t\t<a class=\"elementor-cta\" href=\"https:\/\/www.legrandbe.com\/en\/saint-malo-bretagne-hotel\/ramparts-saint-malo\/\">\n\t\t\t\t\t<div class=\"elementor-cta__bg-wrapper\">\n\t\t\t\t<div class=\"elementor-cta__bg elementor-bg\" style=\"background-image: url(https:\/\/www.legrandbe.com\/wp-content\/uploads\/2022\/01\/remparts-saint-malo-1024x1024.jpg);\" role=\"img\" aria-label=\"remparts-saint-malo\"><\/div>\n\t\t\t\t<div class=\"elementor-cta__bg-overlay\"><\/div>\n\t\t\t<\/div>\n\t\t\t\t\t\t\t<div class=\"elementor-cta__content\">\n\t\t\t\t\n\t\t\t\t\t\t\t\t\t<h2 class=\"elementor-cta__title elementor-cta__content-item elementor-content-item\">\n\t\t\t\t\t\tDiscover the ramparts of Saint-Malo during your holidays\t\t\t\t\t<\/h2>\n\t\t\t\t\n\t\t\t\t\n\t\t\t\t\t\t\t<\/div>\n\t\t\t\t\t\t<\/a>\n\t\t\t\t\t\t<\/div>\n\t\t\t\t<\/div>\n\t\t\t\t<div class=\"elementor-element elementor-element-233ea198 elementor-cta--skin-cover elementor-cta--valign-bottom cta-tourisme elementor-widget__width-initial dc-has-condition dc-condition-equal elementor-widget elementor-widget-call-to-action\" data-id=\"233ea198\" data-element_type=\"widget\" data-widget_type=\"call-to-action.default\">\n\t\t\t\t<div class=\"elementor-widget-container\">\n\t\t\t\t\t\t\t<a class=\"elementor-cta\" href=\"https:\/\/www.legrandbe.com\/en\/saint-malo-bretagne-hotel\/hotel-beach-saint-malo\/\">\n\t\t\t\t\t<div class=\"elementor-cta__bg-wrapper\">\n\t\t\t\t<div class=\"elementor-cta__bg elementor-bg\" style=\"background-image: url(https:\/\/www.legrandbe.com\/wp-content\/uploads\/2022\/01\/plages-saint-malo-1024x1024.jpg);\" role=\"img\" aria-label=\"plages-saint-malo\"><\/div>\n\t\t\t\t<div class=\"elementor-cta__bg-overlay\"><\/div>\n\t\t\t<\/div>\n\t\t\t\t\t\t\t<div class=\"elementor-cta__content\">\n\t\t\t\t\n\t\t\t\t\t\t\t\t\t<h2 class=\"elementor-cta__title elementor-cta__content-item elementor-content-item\">\n\t\t\t\t\t\tDiscover the beaches of Saint-Malo and the Emerald Coast\t\t\t\t\t<\/h2>\n\t\t\t\t\n\t\t\t\t\n\t\t\t\t\t\t\t<\/div>\n\t\t\t\t\t\t<\/a>\n\t\t\t\t\t\t<\/div>\n\t\t\t\t<\/div>\n\t\t\t\t<div class=\"elementor-element elementor-element-12a7acb elementor-cta--skin-cover elementor-cta--valign-bottom cta-tourisme elementor-widget__width-initial dc-has-condition dc-condition-equal elementor-widget elementor-widget-call-to-action\" data-id=\"12a7acb\" data-element_type=\"widget\" data-widget_type=\"call-to-action.default\">\n\t\t\t\t<div class=\"elementor-widget-container\">\n\t\t\t\t\t\t\t<a class=\"elementor-cta\" href=\"https:\/\/www.legrandbe.com\/en\/saint-malo-bretagne-hotel\/hotel-city-corsair-st-malo\/\">\n\t\t\t\t\t<div class=\"elementor-cta__bg-wrapper\">\n\t\t\t\t<div class=\"elementor-cta__bg elementor-bg\" style=\"background-image: url(https:\/\/www.legrandbe.com\/wp-content\/uploads\/2022\/01\/fort-national-1024x1009.jpg);\" role=\"img\" aria-label=\"fort-national\"><\/div>\n\t\t\t\t<div class=\"elementor-cta__bg-overlay\"><\/div>\n\t\t\t<\/div>\n\t\t\t\t\t\t\t<div class=\"elementor-cta__content\">\n\t\t\t\t\n\t\t\t\t\t\t\t\t\t<h2 class=\"elementor-cta__title elementor-cta__content-item elementor-content-item\">\n\t\t\t\t\t\tThe bastions of the corsair city\t\t\t\t\t<\/h2>\n\t\t\t\t\n\t\t\t\t\n\t\t\t\t\t\t\t<\/div>\n\t\t\t\t\t\t<\/a>\n\t\t\t\t\t\t<\/div>\n\t\t\t\t<\/div>\n\t\t\t\t<div class=\"elementor-element elementor-element-e6c0eb3 elementor-cta--skin-cover elementor-cta--valign-bottom cta-tourisme elementor-widget__width-initial dc-has-condition dc-condition-equal elementor-widget elementor-widget-call-to-action\" data-id=\"e6c0eb3\" data-element_type=\"widget\" data-widget_type=\"call-to-action.default\">\n\t\t\t\t<div class=\"elementor-widget-container\">\n\t\t\t\t\t\t\t<a class=\"elementor-cta\" href=\"https:\/\/www.legrandbe.com\/en\/saint-malo-bretagne-hotel\/cathedrale-saint-malo-hotel\/\">\n\t\t\t\t\t<div class=\"elementor-cta__bg-wrapper\">\n\t\t\t\t<div class=\"elementor-cta__bg elementor-bg\" style=\"background-image: url(https:\/\/www.legrandbe.com\/wp-content\/uploads\/2022\/01\/cathedrale-saint-vincent-1024x1022.jpg);\" role=\"img\" aria-label=\"cathedral-saint-vincent\"><\/div>\n\t\t\t\t<div class=\"elementor-cta__bg-overlay\"><\/div>\n\t\t\t<\/div>\n\t\t\t\t\t\t\t<div class=\"elementor-cta__content\">\n\t\t\t\t\n\t\t\t\t\t\t\t\t\t<h2 class=\"elementor-cta__title elementor-cta__content-item elementor-content-item\">\n\t\t\t\t\t\tSaint-Vincent's cathedral in Saint-Malo\t\t\t\t\t<\/h2>\n\t\t\t\t\n\t\t\t\t\n\t\t\t\t\t\t\t<\/div>\n\t\t\t\t\t\t<\/a>\n\t\t\t\t\t\t<\/div>\n\t\t\t\t<\/div>\n\t\t<!-- hidden widget 9013-6c001be -->\t\t<div class=\"elementor-element elementor-element-0401885 elementor-cta--skin-cover elementor-cta--valign-bottom cta-tourisme elementor-widget__width-initial dc-has-condition dc-condition-equal elementor-widget elementor-widget-call-to-action\" data-id=\"0401885\" data-element_type=\"widget\" data-widget_type=\"call-to-action.default\">\n\t\t\t\t<div class=\"elementor-widget-container\">\n\t\t\t\t\t\t\t<a class=\"elementor-cta\" href=\"https:\/\/www.legrandbe.com\/en\/saint-malo-bretagne-hotel\/high-tides-saint-malo\/\">\n\t\t\t\t\t<div class=\"elementor-cta__bg-wrapper\">\n\t\t\t\t<div class=\"elementor-cta__bg elementor-bg\" style=\"background-image: url(https:\/\/www.legrandbe.com\/wp-content\/uploads\/2022\/01\/grandes-marees-saint-malo-1024x1021.jpg);\" role=\"img\" aria-label=\"grandes-marees-saint-malo\"><\/div>\n\t\t\t\t<div class=\"elementor-cta__bg-overlay\"><\/div>\n\t\t\t<\/div>\n\t\t\t\t\t\t\t<div class=\"elementor-cta__content\">\n\t\t\t\t\n\t\t\t\t\t\t\t\t\t<h2 class=\"elementor-cta__title elementor-cta__content-item elementor-content-item\">\n\t\t\t\t\t\tSaint-Malo's high tides, an event not to be missed\t\t\t\t\t<\/h2>\n\t\t\t\t\n\t\t\t\t\n\t\t\t\t\t\t\t<\/div>\n\t\t\t\t\t\t<\/a>\n\t\t\t\t\t\t<\/div>\n\t\t\t\t<\/div>\n\t\t\t\t\t<\/div>\n\t\t<\/div>\n\t\t\t\t\t<\/div>\n\t\t<\/section>\n\t\t\t\t\t<\/div>\n\t\t<\/div>\n\t\t\t\t\t<\/div>\n\t\t<\/section>\n\t\t\t\t<\/div>\n\t\t\t\t<\/div>\n\t\t\t\t\t\t<\/div>\n\t\t\t\t<\/div>\n\t\t\t\t\t<\/div>\n\t\t<\/div>\n\t\t\t\t\t<\/div>\n\t\t<\/section>\n\t\t\t\t<\/div>","protected":false},"excerpt":{"rendered":"<p>L'\u00eele du grand b\u00e9 Enjoy a weekend, or a long luxury stay at the hotel Le Grand B\u00e9****. Our hotel bears the same name as the island where the famous writer Chateaubriand is buried. From the hotel, the island of Grand B\u00e9 is also a pleasant place for a stroll. Discover a marvellous panorama that will leave you with fond memories. From the hotel [...]<\/p>","protected":false},"author":5,"featured_media":0,"parent":8775,"menu_order":0,"comment_status":"closed","ping_status":"closed","template":"","meta":{"inline_featured_image":false,"footnotes":""},"class_list":["post-9013","page","type-page","status-publish","hentry"],"_links":{"self":[{"href":"https:\/\/www.legrandbe.com\/en\/wp-json\/wp\/v2\/pages\/9013","targetHints":{"allow":["GET"]}}],"collection":[{"href":"https:\/\/www.legrandbe.com\/en\/wp-json\/wp\/v2\/pages"}],"about":[{"href":"https:\/\/www.legrandbe.com\/en\/wp-json\/wp\/v2\/types\/page"}],"author":[{"embeddable":true,"href":"https:\/\/www.legrandbe.com\/en\/wp-json\/wp\/v2\/users\/5"}],"replies":[{"embeddable":true,"href":"https:\/\/www.legrandbe.com\/en\/wp-json\/wp\/v2\/comments?post=9013"}],"version-history":[{"count":37,"href":"https:\/\/www.legrandbe.com\/en\/wp-json\/wp\/v2\/pages\/9013\/revisions"}],"predecessor-version":[{"id":10460,"href":"https:\/\/www.legrandbe.com\/en\/wp-json\/wp\/v2\/pages\/9013\/revisions\/10460"}],"up":[{"embeddable":true,"href":"https:\/\/www.legrandbe.com\/en\/wp-json\/wp\/v2\/pages\/8775"}],"wp:attachment":[{"href":"https:\/\/www.legrandbe.com\/en\/wp-json\/wp\/v2\/media?parent=9013"}],"curies":[{"name":"wp","href":"https:\/\/api.w.org\/{rel}","templated":true}]}}