{"id":9162,"date":"2022-01-20T09:21:14","date_gmt":"2022-01-20T08:21:49","guid":{"rendered":"https:\/\/www.legrandbe.com\/?page_id=9162"},"modified":"2022-02-17T16:10:43","modified_gmt":"2022-02-17T15:10:43","slug":"hotel-city-corsair-st-malo","status":"publish","type":"page","link":"https:\/\/www.legrandbe.com\/en\/hotel-saint-malo-bretagne\/hotel-cite-corsaire-saint-malo\/","title":{"rendered":"The bastions of the corsair city"},"content":{"rendered":"\t\t<div data-elementor-type=\"wp-page\" data-elementor-id=\"9162\" class=\"elementor elementor-9162\" data-elementor-post-type=\"page\">\n\t\t\t\t\t\t<section class=\"elementor-section elementor-top-section elementor-element elementor-element-26f0ed9 elementor-section-height-min-height elementor-hidden-phone elementor-section-boxed elementor-section-height-default elementor-section-items-middle\" data-id=\"26f0ed9\" data-element_type=\"section\" data-e-type=\"section\" data-settings=\"{&quot;background_background&quot;:&quot;classic&quot;,&quot;background_motion_fx_motion_fx_scrolling&quot;:&quot;yes&quot;,&quot;background_motion_fx_translateY_effect&quot;:&quot;yes&quot;,&quot;background_motion_fx_translateY_speed&quot;:{&quot;unit&quot;:&quot;px&quot;,&quot;size&quot;:5.2,&quot;sizes&quot;:[]},&quot;background_motion_fx_translateY_affectedRange&quot;:{&quot;unit&quot;:&quot;%&quot;,&quot;size&quot;:&quot;&quot;,&quot;sizes&quot;:{&quot;start&quot;:14,&quot;end&quot;:100}},&quot;background_motion_fx_devices&quot;:[&quot;desktop&quot;,&quot;tablet&quot;],&quot;background_motion_fx_range&quot;:&quot;page&quot;}\">\n\t\t\t\t\t\t<div class=\"elementor-container elementor-column-gap-default\">\n\t\t\t\t\t<div class=\"elementor-column elementor-col-100 elementor-top-column elementor-element elementor-element-117eb70\" data-id=\"117eb70\" data-element_type=\"column\" data-e-type=\"column\">\n\t\t\t<div class=\"elementor-widget-wrap\">\n\t\t\t\t\t\t\t<\/div>\n\t\t<\/div>\n\t\t\t\t\t<\/div>\n\t\t<\/section>\n\t\t\t\t<section class=\"elementor-section elementor-top-section elementor-element elementor-element-8e5244a elementor-section-boxed elementor-section-height-default elementor-section-height-default\" data-id=\"8e5244a\" data-element_type=\"section\" data-e-type=\"section\">\n\t\t\t\t\t\t<div class=\"elementor-container elementor-column-gap-default\">\n\t\t\t\t\t<div class=\"elementor-column elementor-col-100 elementor-top-column elementor-element elementor-element-eeea6b5\" data-id=\"eeea6b5\" data-element_type=\"column\" data-e-type=\"column\">\n\t\t\t<div class=\"elementor-widget-wrap elementor-element-populated\">\n\t\t\t\t\t\t<section class=\"elementor-section elementor-inner-section elementor-element elementor-element-e5d7670 elementor-reverse-mobile elementor-section-boxed elementor-section-height-default elementor-section-height-default\" data-id=\"e5d7670\" data-element_type=\"section\" data-e-type=\"section\">\n\t\t\t\t\t\t<div class=\"elementor-container elementor-column-gap-default\">\n\t\t\t\t\t<div class=\"elementor-column elementor-col-50 elementor-inner-column elementor-element elementor-element-c22e479 elementor-invisible\" data-id=\"c22e479\" data-element_type=\"column\" data-e-type=\"column\" data-settings=\"{&quot;animation&quot;:&quot;fadeInLeft&quot;}\">\n\t\t\t<div class=\"elementor-widget-wrap elementor-element-populated\">\n\t\t\t\t\t\t<div class=\"elementor-element elementor-element-12d1d86 elementor-widget-divider--view-line elementor-widget elementor-widget-divider\" data-id=\"12d1d86\" data-element_type=\"widget\" data-e-type=\"widget\" data-widget_type=\"divider.default\">\n\t\t\t\t<div class=\"elementor-widget-container\">\n\t\t\t\t\t\t\t<div class=\"elementor-divider\">\n\t\t\t<span class=\"elementor-divider-separator\">\n\t\t\t\t\t\t<\/span>\n\t\t<\/div>\n\t\t\t\t\t\t<\/div>\n\t\t\t\t<\/div>\n\t\t\t\t<div class=\"elementor-element elementor-element-5d90c91 elementor-widget elementor-widget-heading\" data-id=\"5d90c91\" data-element_type=\"widget\" data-e-type=\"widget\" data-widget_type=\"heading.default\">\n\t\t\t\t<div class=\"elementor-widget-container\">\n\t\t\t\t\t<h1 class=\"elementor-heading-title elementor-size-default\">Les bastions de la cit\u00e9 corsaire<\/h1>\t\t\t\t<\/div>\n\t\t\t\t<\/div>\n\t\t\t\t<div class=\"elementor-element elementor-element-80e54b9 elementor-widget elementor-widget-text-editor\" data-id=\"80e54b9\" data-element_type=\"widget\" data-e-type=\"widget\" data-widget_type=\"text-editor.default\">\n\t\t\t\t<div class=\"elementor-widget-container\">\n\t\t\t\t\t\t\t\t\t<div class=\"elementor-element elementor-element-53d0be5 elementor-widget elementor-widget-text-editor\" data-id=\"53d0be5\" data-element_type=\"widget\" data-widget_type=\"text-editor.default\"><div class=\"elementor-widget-container\"><div class=\"elementor-text-editor elementor-clearfix\"><p>Visitez Saint-Malo, une ville empreinte d&rsquo;histoire qui vous laissera de merveilleux souvenirs apr\u00e8s vos vacances ou votre s\u00e9jour. D\u00e9couvrez les Bastions depuis notre h\u00f4tel dans la Cit\u00e9 Corsaire Saint-Malo et impr\u00e9gnez-vous de ce riche pass\u00e9.<\/p><p><strong>Visiter la Cit\u00e9 Corsaire Saint Malo et ses bastions<\/strong><br \/>D\u00e9couvrez le Bastion Saint-Louis, le Bastion de la Hollande et celui de Saint-Philippe. Ces trois ouvrages de fortification se hissent fi\u00e8rement sur les remparts de Saint-Malo et t\u00e9moignent des diff\u00e9rentes \u00e9tapes de l&rsquo;histoire malouine. Ces monuments datant du 18e si\u00e8cle ont chacun, une histoire particuli\u00e8re \u00e0 raconter. Choisissez notre h\u00f4tel dans la cit\u00e9 corsaire de Saint-Malo et profitez d&rsquo;un horizon \u00e9poustouflant en acc\u00e9dant aux remparts qui bordent la ville.<\/p><p>Choisissez le confort d&rsquo;un h\u00f4tel 4 \u00e9toiles : Le Grand B\u00e9. Ce confort se traduit par sa situation g\u00e9ographique car il est situ\u00e9 en plein c\u0153ur de la ville et \u00e9galement par son int\u00e9rieur \u00e9l\u00e9gant et agr\u00e9able. Au Grand B\u00e9****, laissez-vous bercer par l&rsquo;esprit Malouin, et profitez d&rsquo;un service irr\u00e9prochable pendant votre s\u00e9jour.<\/p><p><strong>Le Fort National de Saint Malo<\/strong><br \/>Le fort de Saint-Malo est un bastion situ\u00e9 sur une \u00eele de la cit\u00e9 corsaire. Ce monument historique fut construit en 1689 par l&rsquo;architecte Vauban. Son premier r\u00f4le \u00e9tait d&rsquo;assurer la protection du port de Saint-Malo et il offre maintenant un t\u00e9moignage impressionnant de l&rsquo;histoire de la cit\u00e9 corsaire. Acc\u00e9dez \u00e0 l&rsquo;\u00eele \u00e0 mar\u00e9e basse et profitez d&rsquo;une visite guid\u00e9e afin de mieux comprendre l&rsquo;histoire de ce fort : des souvenirs de Chateaubriand aux attaques maritimes&#8230;<\/p><p>D\u00e9couvrez un panorama exceptionnel sur la baie et sur la ville de Saint-Malo pendant votre prochain s\u00e9jour. Admirez le large et prenez un r\u00e9el bain d&rsquo;oxyg\u00e8ne pour vos vacances. Depuis notre h\u00f4tel la Cit\u00e9 Corsaire Saint Malo et ses bastions sont \u00e0 port\u00e9e de main !<\/p><\/div><\/div><\/div>\t\t\t\t\t\t\t\t<\/div>\n\t\t\t\t<\/div>\n\t\t\t\t\t<\/div>\n\t\t<\/div>\n\t\t\t\t<div class=\"elementor-column elementor-col-50 elementor-inner-column elementor-element elementor-element-3e58e31 elementor-hidden-tablet elementor-invisible\" data-id=\"3e58e31\" data-element_type=\"column\" data-e-type=\"column\" data-settings=\"{&quot;animation&quot;:&quot;fadeInRight&quot;}\">\n\t\t\t<div class=\"elementor-widget-wrap elementor-element-populated\">\n\t\t\t\t\t\t<div class=\"elementor-element elementor-element-b828e4a elementor-widget elementor-widget-image\" data-id=\"b828e4a\" data-element_type=\"widget\" data-e-type=\"widget\" data-widget_type=\"image.default\">\n\t\t\t\t<div class=\"elementor-widget-container\">\n\t\t\t\t\t\t\t\t\t\t\t\t\t\t\t<img decoding=\"async\" src=\"https:\/\/www.legrandbe.com\/wp-content\/uploads\/elementor\/thumbs\/fort-national-pjv4tpq1znb5z444tm64clees7zxuox90r9fa18xrs.jpg\" title=\"fort-national\" alt=\"fort-national\" loading=\"lazy\" \/>\t\t\t\t\t\t\t\t\t\t\t\t\t\t\t<\/div>\n\t\t\t\t<\/div>\n\t\t\t\t\t<\/div>\n\t\t<\/div>\n\t\t\t\t\t<\/div>\n\t\t<\/section>\n\t\t\t\t\t<\/div>\n\t\t<\/div>\n\t\t\t\t\t<\/div>\n\t\t<\/section>\n\t\t\t\t<section class=\"elementor-section elementor-top-section elementor-element elementor-element-4d2d401 elementor-section-full_width elementor-section-height-default elementor-section-height-default\" data-id=\"4d2d401\" data-element_type=\"section\" data-e-type=\"section\">\n\t\t\t\t\t\t<div class=\"elementor-container elementor-column-gap-default\">\n\t\t\t\t\t<div class=\"elementor-column elementor-col-100 elementor-top-column elementor-element elementor-element-027239e\" data-id=\"027239e\" data-element_type=\"column\" data-e-type=\"column\">\n\t\t\t<div class=\"elementor-widget-wrap elementor-element-populated\">\n\t\t\t\t\t\t<div class=\"elementor-element elementor-element-df75afd elementor-widget elementor-widget-heading\" data-id=\"df75afd\" data-element_type=\"widget\" data-e-type=\"widget\" data-widget_type=\"heading.default\">\n\t\t\t\t<div class=\"elementor-widget-container\">\n\t\t\t\t\t<div class=\"elementor-heading-title elementor-size-default\">D\u00e9couvrez \u00e9galement<\/div>\t\t\t\t<\/div>\n\t\t\t\t<\/div>\n\t\t\t\t<div class=\"elementor-element elementor-element-96018cd elementor-widget elementor-widget-template\" data-id=\"96018cd\" data-element_type=\"widget\" data-e-type=\"widget\" data-widget_type=\"template.default\">\n\t\t\t\t<div class=\"elementor-widget-container\">\n\t\t\t\t\t\t\t<div class=\"elementor-template\">\n\t\t\t\t\t<div data-elementor-type=\"section\" data-elementor-id=\"9106\" class=\"elementor elementor-9106\" data-elementor-post-type=\"elementor_library\">\n\t\t\t\t\t<section class=\"elementor-section elementor-top-section elementor-element elementor-element-4d3a9afa elementor-section-boxed elementor-section-height-default elementor-section-height-default\" data-id=\"4d3a9afa\" data-element_type=\"section\" data-e-type=\"section\">\n\t\t\t\t\t\t\t<div class=\"elementor-background-overlay\"><\/div>\n\t\t\t\t\t\t\t<div class=\"elementor-container elementor-column-gap-default\">\n\t\t\t\t\t<div class=\"elementor-column elementor-col-100 elementor-top-column elementor-element elementor-element-30992093\" data-id=\"30992093\" data-element_type=\"column\" data-e-type=\"column\">\n\t\t\t<div class=\"elementor-widget-wrap elementor-element-populated\">\n\t\t\t\t\t\t<section class=\"elementor-section elementor-inner-section elementor-element elementor-element-3eebd24c elementor-section-boxed elementor-section-height-default elementor-section-height-default\" data-id=\"3eebd24c\" data-element_type=\"section\" data-e-type=\"section\">\n\t\t\t\t\t\t<div class=\"elementor-container elementor-column-gap-default\">\n\t\t\t\t\t<div class=\"elementor-column elementor-col-100 elementor-inner-column elementor-element elementor-element-3c1303c\" data-id=\"3c1303c\" data-element_type=\"column\" data-e-type=\"column\">\n\t\t\t<div class=\"elementor-widget-wrap elementor-element-populated\">\n\t\t\t\t\t\t<div class=\"elementor-element elementor-element-1b957d95 elementor-cta--skin-cover elementor-cta--valign-bottom cta-tourisme elementor-widget__width-initial dc-has-condition dc-condition-equal elementor-widget elementor-widget-call-to-action\" data-id=\"1b957d95\" data-element_type=\"widget\" data-e-type=\"widget\" data-widget_type=\"call-to-action.default\">\n\t\t\t\t<div class=\"elementor-widget-container\">\n\t\t\t\t\t\t\t<a class=\"elementor-cta\" href=\"https:\/\/www.legrandbe.com\/en\/hotel-saint-malo-bretagne\/\">\n\t\t\t\t\t<div class=\"elementor-cta__bg-wrapper\">\n\t\t\t\t<div class=\"elementor-cta__bg elementor-bg\" style=\"background-image: url(https:\/\/www.legrandbe.com\/wp-content\/uploads\/2022\/02\/the-walled-city-of-saintmalo-france-with-granite-residential-above-picture-id999432182-1024x576.jpg);\" role=\"img\" aria-label=\"the-walled-city-of-saintmalo-france-with-granite-residential-above-picture-id999432182\"><\/div>\n\t\t\t\t<div class=\"elementor-cta__bg-overlay\"><\/div>\n\t\t\t<\/div>\n\t\t\t\t\t\t\t<div class=\"elementor-cta__content\">\n\t\t\t\t\n\t\t\t\t\t\t\t\t\t<h2 class=\"elementor-cta__title elementor-cta__content-item elementor-content-item\">\n\t\t\t\t\t\tSaint-Malo\t\t\t\t\t<\/h2>\n\t\t\t\t\n\t\t\t\t\n\t\t\t\t\t\t\t<\/div>\n\t\t\t\t\t\t<\/a>\n\t\t\t\t\t\t<\/div>\n\t\t\t\t<\/div>\n\t\t\t\t<div class=\"elementor-element elementor-element-2312f18 elementor-cta--skin-cover elementor-cta--valign-bottom cta-tourisme elementor-widget__width-initial dc-has-condition dc-condition-equal elementor-widget elementor-widget-call-to-action\" data-id=\"2312f18\" data-element_type=\"widget\" data-e-type=\"widget\" data-widget_type=\"call-to-action.default\">\n\t\t\t\t<div class=\"elementor-widget-container\">\n\t\t\t\t\t\t\t<a class=\"elementor-cta\" href=\"https:\/\/www.legrandbe.com\/en\/hotel-saint-malo-bretagne\/hotel-charme-saint-malo\/\">\n\t\t\t\t\t<div class=\"elementor-cta__bg-wrapper\">\n\t\t\t\t<div class=\"elementor-cta__bg elementor-bg\" style=\"background-image: url(https:\/\/www.legrandbe.com\/wp-content\/uploads\/2022\/01\/saint-malo-coucher-soeil-1024x1024.jpg);\" role=\"img\" aria-label=\"saint-malo-coucher-soeil\"><\/div>\n\t\t\t\t<div class=\"elementor-cta__bg-overlay\"><\/div>\n\t\t\t<\/div>\n\t\t\t\t\t\t\t<div class=\"elementor-cta__content\">\n\t\t\t\t\n\t\t\t\t\t\t\t\t\t<h2 class=\"elementor-cta__title elementor-cta__content-item elementor-content-item\">\n\t\t\t\t\t\tSaint-Malo, destination id\u00e9ale pour un weekend en amoureux\t\t\t\t\t<\/h2>\n\t\t\t\t\n\t\t\t\t\n\t\t\t\t\t\t\t<\/div>\n\t\t\t\t\t\t<\/a>\n\t\t\t\t\t\t<\/div>\n\t\t\t\t<\/div>\n\t\t\t\t<div class=\"elementor-element elementor-element-7218690f elementor-cta--skin-cover elementor-cta--valign-bottom cta-tourisme elementor-widget__width-initial dc-has-condition dc-condition-equal elementor-widget elementor-widget-call-to-action\" data-id=\"7218690f\" data-element_type=\"widget\" data-e-type=\"widget\" data-widget_type=\"call-to-action.default\">\n\t\t\t\t<div class=\"elementor-widget-container\">\n\t\t\t\t\t\t\t<a class=\"elementor-cta\" href=\"https:\/\/www.legrandbe.com\/en\/hotel-saint-malo-bretagne\/sortir-saint-malo\/\">\n\t\t\t\t\t<div class=\"elementor-cta__bg-wrapper\">\n\t\t\t\t<div class=\"elementor-cta__bg elementor-bg\" style=\"background-image: url(https:\/\/www.legrandbe.com\/wp-content\/uploads\/2022\/01\/saint-malo-panneaux-1024x1017.jpg);\" role=\"img\" aria-label=\"saint-malo-panneaux\"><\/div>\n\t\t\t\t<div class=\"elementor-cta__bg-overlay\"><\/div>\n\t\t\t<\/div>\n\t\t\t\t\t\t\t<div class=\"elementor-cta__content\">\n\t\t\t\t\n\t\t\t\t\t\t\t\t\t<h2 class=\"elementor-cta__title elementor-cta__content-item elementor-content-item\">\n\t\t\t\t\t\t10 id\u00e9es de sorties pour d\u00e9couvrir Saint-Malo\t\t\t\t\t<\/h2>\n\t\t\t\t\n\t\t\t\t\n\t\t\t\t\t\t\t<\/div>\n\t\t\t\t\t\t<\/a>\n\t\t\t\t\t\t<\/div>\n\t\t\t\t<\/div>\n\t\t\t\t<div class=\"elementor-element elementor-element-6985bcc1 elementor-cta--skin-cover elementor-cta--valign-bottom cta-tourisme elementor-widget__width-initial dc-has-condition dc-condition-equal elementor-widget elementor-widget-call-to-action\" data-id=\"6985bcc1\" data-element_type=\"widget\" data-e-type=\"widget\" data-widget_type=\"call-to-action.default\">\n\t\t\t\t<div class=\"elementor-widget-container\">\n\t\t\t\t\t\t\t<a class=\"elementor-cta\" href=\"https:\/\/www.legrandbe.com\/en\/hotel-saint-malo-bretagne\/remparts-saint-malo\/\">\n\t\t\t\t\t<div class=\"elementor-cta__bg-wrapper\">\n\t\t\t\t<div class=\"elementor-cta__bg elementor-bg\" style=\"background-image: url(https:\/\/www.legrandbe.com\/wp-content\/uploads\/2022\/01\/remparts-saint-malo-1024x1024.jpg);\" role=\"img\" aria-label=\"remparts-saint-malo\"><\/div>\n\t\t\t\t<div class=\"elementor-cta__bg-overlay\"><\/div>\n\t\t\t<\/div>\n\t\t\t\t\t\t\t<div class=\"elementor-cta__content\">\n\t\t\t\t\n\t\t\t\t\t\t\t\t\t<h2 class=\"elementor-cta__title elementor-cta__content-item elementor-content-item\">\n\t\t\t\t\t\tD\u00e9couvrez les remparts de Saint-Malo intra-muros pendant vos vacances\t\t\t\t\t<\/h2>\n\t\t\t\t\n\t\t\t\t\n\t\t\t\t\t\t\t<\/div>\n\t\t\t\t\t\t<\/a>\n\t\t\t\t\t\t<\/div>\n\t\t\t\t<\/div>\n\t\t\t\t<div class=\"elementor-element elementor-element-233ea198 elementor-cta--skin-cover elementor-cta--valign-bottom cta-tourisme elementor-widget__width-initial dc-has-condition dc-condition-equal elementor-widget elementor-widget-call-to-action\" data-id=\"233ea198\" data-element_type=\"widget\" data-e-type=\"widget\" data-widget_type=\"call-to-action.default\">\n\t\t\t\t<div class=\"elementor-widget-container\">\n\t\t\t\t\t\t\t<a class=\"elementor-cta\" href=\"https:\/\/www.legrandbe.com\/en\/hotel-saint-malo-bretagne\/hotel-plage-saint-malo\/\">\n\t\t\t\t\t<div class=\"elementor-cta__bg-wrapper\">\n\t\t\t\t<div class=\"elementor-cta__bg elementor-bg\" style=\"background-image: url(https:\/\/www.legrandbe.com\/wp-content\/uploads\/2022\/01\/plages-saint-malo-1024x1024.jpg);\" role=\"img\" aria-label=\"plages-saint-malo\"><\/div>\n\t\t\t\t<div class=\"elementor-cta__bg-overlay\"><\/div>\n\t\t\t<\/div>\n\t\t\t\t\t\t\t<div class=\"elementor-cta__content\">\n\t\t\t\t\n\t\t\t\t\t\t\t\t\t<h2 class=\"elementor-cta__title elementor-cta__content-item elementor-content-item\">\n\t\t\t\t\t\tD\u00e9couvrez les plages de Saint-Malo et la C\u00f4te d'\u00c9meraude\t\t\t\t\t<\/h2>\n\t\t\t\t\n\t\t\t\t\n\t\t\t\t\t\t\t<\/div>\n\t\t\t\t\t\t<\/a>\n\t\t\t\t\t\t<\/div>\n\t\t\t\t<\/div>\n\t\t<!-- hidden widget 9162-12a7acb -->\t\t<div class=\"elementor-element elementor-element-e6c0eb3 elementor-cta--skin-cover elementor-cta--valign-bottom cta-tourisme elementor-widget__width-initial dc-has-condition dc-condition-equal elementor-widget elementor-widget-call-to-action\" data-id=\"e6c0eb3\" data-element_type=\"widget\" data-e-type=\"widget\" data-widget_type=\"call-to-action.default\">\n\t\t\t\t<div class=\"elementor-widget-container\">\n\t\t\t\t\t\t\t<a class=\"elementor-cta\" href=\"https:\/\/www.legrandbe.com\/en\/hotel-saint-malo-bretagne\/hotel-cathedrale-saint-malo\/\">\n\t\t\t\t\t<div class=\"elementor-cta__bg-wrapper\">\n\t\t\t\t<div class=\"elementor-cta__bg elementor-bg\" style=\"background-image: url(https:\/\/www.legrandbe.com\/wp-content\/uploads\/2022\/01\/cathedrale-saint-vincent-1024x1022.jpg);\" role=\"img\" aria-label=\"cathedrale-saint-vincent\"><\/div>\n\t\t\t\t<div class=\"elementor-cta__bg-overlay\"><\/div>\n\t\t\t<\/div>\n\t\t\t\t\t\t\t<div class=\"elementor-cta__content\">\n\t\t\t\t\n\t\t\t\t\t\t\t\t\t<h2 class=\"elementor-cta__title elementor-cta__content-item elementor-content-item\">\n\t\t\t\t\t\tLa cath\u00e9drale Saint-Vincent de Saint-Malo\t\t\t\t\t<\/h2>\n\t\t\t\t\n\t\t\t\t\n\t\t\t\t\t\t\t<\/div>\n\t\t\t\t\t\t<\/a>\n\t\t\t\t\t\t<\/div>\n\t\t\t\t<\/div>\n\t\t\t\t<div class=\"elementor-element elementor-element-6c001be elementor-cta--skin-cover elementor-cta--valign-bottom cta-tourisme elementor-widget__width-initial dc-has-condition dc-condition-equal elementor-widget elementor-widget-call-to-action\" data-id=\"6c001be\" data-element_type=\"widget\" data-e-type=\"widget\" data-widget_type=\"call-to-action.default\">\n\t\t\t\t<div class=\"elementor-widget-container\">\n\t\t\t\t\t\t\t<a class=\"elementor-cta\" href=\"https:\/\/www.legrandbe.com\/en\/hotel-saint-malo-bretagne\/hotel-ile-grand-be\/\">\n\t\t\t\t\t<div class=\"elementor-cta__bg-wrapper\">\n\t\t\t\t<div class=\"elementor-cta__bg elementor-bg\" style=\"background-image: url(https:\/\/www.legrandbe.com\/wp-content\/uploads\/2022\/01\/ile-le-grand-be-1_5a82f96168692-1024x1024.jpg);\" role=\"img\" aria-label=\"ile-le-grand-be-1_5a82f96168692\"><\/div>\n\t\t\t\t<div class=\"elementor-cta__bg-overlay\"><\/div>\n\t\t\t<\/div>\n\t\t\t\t\t\t\t<div class=\"elementor-cta__content\">\n\t\t\t\t\n\t\t\t\t\t\t\t\t\t<h2 class=\"elementor-cta__title elementor-cta__content-item elementor-content-item\">\n\t\t\t\t\t\tL'\u00eele du Grand B\u00e9 et la tombe de Chateaubriand\t\t\t\t\t<\/h2>\n\t\t\t\t\n\t\t\t\t\n\t\t\t\t\t\t\t<\/div>\n\t\t\t\t\t\t<\/a>\n\t\t\t\t\t\t<\/div>\n\t\t\t\t<\/div>\n\t\t\t\t<div class=\"elementor-element elementor-element-0401885 elementor-cta--skin-cover elementor-cta--valign-bottom cta-tourisme elementor-widget__width-initial dc-has-condition dc-condition-equal elementor-widget elementor-widget-call-to-action\" data-id=\"0401885\" data-element_type=\"widget\" data-e-type=\"widget\" data-widget_type=\"call-to-action.default\">\n\t\t\t\t<div class=\"elementor-widget-container\">\n\t\t\t\t\t\t\t<a class=\"elementor-cta\" href=\"https:\/\/www.legrandbe.com\/en\/hotel-saint-malo-bretagne\/grandes-marees-saint-malo\/\">\n\t\t\t\t\t<div class=\"elementor-cta__bg-wrapper\">\n\t\t\t\t<div class=\"elementor-cta__bg elementor-bg\" style=\"background-image: url(https:\/\/www.legrandbe.com\/wp-content\/uploads\/2022\/01\/grandes-marees-saint-malo-1024x1021.jpg);\" role=\"img\" aria-label=\"grandes-marees-saint-malo\"><\/div>\n\t\t\t\t<div class=\"elementor-cta__bg-overlay\"><\/div>\n\t\t\t<\/div>\n\t\t\t\t\t\t\t<div class=\"elementor-cta__content\">\n\t\t\t\t\n\t\t\t\t\t\t\t\t\t<h2 class=\"elementor-cta__title elementor-cta__content-item elementor-content-item\">\n\t\t\t\t\t\tLes grandes mar\u00e9es de Saint-Malo, un \u00e9v\u00e9nement incontournable\t\t\t\t\t<\/h2>\n\t\t\t\t\n\t\t\t\t\n\t\t\t\t\t\t\t<\/div>\n\t\t\t\t\t\t<\/a>\n\t\t\t\t\t\t<\/div>\n\t\t\t\t<\/div>\n\t\t\t\t\t<\/div>\n\t\t<\/div>\n\t\t\t\t\t<\/div>\n\t\t<\/section>\n\t\t\t\t\t<\/div>\n\t\t<\/div>\n\t\t\t\t\t<\/div>\n\t\t<\/section>\n\t\t\t\t<\/div>\n\t\t\t\t<\/div>\n\t\t\t\t\t\t<\/div>\n\t\t\t\t<\/div>\n\t\t\t\t\t<\/div>\n\t\t<\/div>\n\t\t\t\t\t<\/div>\n\t\t<\/section>\n\t\t\t\t<\/div>\n\t\t","protected":false},"excerpt":{"rendered":"<p>Les bastions de la cit\u00e9 corsaire Visitez Saint-Malo, une ville empreinte d&rsquo;histoire qui vous laissera de merveilleux souvenirs apr\u00e8s vos vacances ou votre s\u00e9jour. D\u00e9couvrez les Bastions depuis notre h\u00f4tel dans la Cit\u00e9 Corsaire Saint-Malo et impr\u00e9gnez-vous de ce riche pass\u00e9. Visiter la Cit\u00e9 Corsaire Saint Malo et ses bastionsD\u00e9couvrez le Bastion Saint-Louis, le Bastion [&hellip;]<\/p>\n","protected":false},"author":5,"featured_media":0,"parent":8775,"menu_order":5,"comment_status":"closed","ping_status":"closed","template":"","meta":{"inline_featured_image":false,"footnotes":""},"class_list":["post-9162","page","type-page","status-publish","hentry"],"_links":{"self":[{"href":"https:\/\/www.legrandbe.com\/en\/wp-json\/wp\/v2\/pages\/9162","targetHints":{"allow":["GET"]}}],"collection":[{"href":"https:\/\/www.legrandbe.com\/en\/wp-json\/wp\/v2\/pages"}],"about":[{"href":"https:\/\/www.legrandbe.com\/en\/wp-json\/wp\/v2\/types\/page"}],"author":[{"embeddable":true,"href":"https:\/\/www.legrandbe.com\/en\/wp-json\/wp\/v2\/users\/5"}],"replies":[{"embeddable":true,"href":"https:\/\/www.legrandbe.com\/en\/wp-json\/wp\/v2\/comments?post=9162"}],"version-history":[{"count":16,"href":"https:\/\/www.legrandbe.com\/en\/wp-json\/wp\/v2\/pages\/9162\/revisions"}],"predecessor-version":[{"id":10478,"href":"https:\/\/www.legrandbe.com\/en\/wp-json\/wp\/v2\/pages\/9162\/revisions\/10478"}],"up":[{"embeddable":true,"href":"https:\/\/www.legrandbe.com\/en\/wp-json\/wp\/v2\/pages\/8775"}],"wp:attachment":[{"href":"https:\/\/www.legrandbe.com\/en\/wp-json\/wp\/v2\/media?parent=9162"}],"curies":[{"name":"wp","href":"https:\/\/api.w.org\/{rel}","templated":true}]}}