{"id":9166,"date":"2022-01-20T09:23:14","date_gmt":"2022-01-20T08:23:17","guid":{"rendered":"https:\/\/www.legrandbe.com\/?page_id=9166"},"modified":"2022-02-17T16:11:41","modified_gmt":"2022-02-17T15:11:41","slug":"high-tides-saint-malo","status":"publish","type":"page","link":"https:\/\/www.legrandbe.com\/en\/hotel-saint-malo-bretagne\/grandes-marees-saint-malo\/","title":{"rendered":"The great tides of Saint-Malo"},"content":{"rendered":"\t\t<div data-elementor-type=\"wp-page\" data-elementor-id=\"9166\" class=\"elementor elementor-9166\" data-elementor-post-type=\"page\">\n\t\t\t\t\t\t<section class=\"elementor-section elementor-top-section elementor-element elementor-element-26f0ed9 elementor-section-height-min-height elementor-hidden-phone elementor-section-boxed elementor-section-height-default elementor-section-items-middle\" data-id=\"26f0ed9\" data-element_type=\"section\" data-e-type=\"section\" data-settings=\"{&quot;background_background&quot;:&quot;classic&quot;,&quot;background_motion_fx_motion_fx_scrolling&quot;:&quot;yes&quot;,&quot;background_motion_fx_translateY_effect&quot;:&quot;yes&quot;,&quot;background_motion_fx_translateY_speed&quot;:{&quot;unit&quot;:&quot;px&quot;,&quot;size&quot;:5.2,&quot;sizes&quot;:[]},&quot;background_motion_fx_translateY_affectedRange&quot;:{&quot;unit&quot;:&quot;%&quot;,&quot;size&quot;:&quot;&quot;,&quot;sizes&quot;:{&quot;start&quot;:14,&quot;end&quot;:100}},&quot;background_motion_fx_devices&quot;:[&quot;desktop&quot;,&quot;tablet&quot;],&quot;background_motion_fx_range&quot;:&quot;page&quot;}\">\n\t\t\t\t\t\t<div class=\"elementor-container elementor-column-gap-default\">\n\t\t\t\t\t<div class=\"elementor-column elementor-col-100 elementor-top-column elementor-element elementor-element-117eb70\" data-id=\"117eb70\" data-element_type=\"column\" data-e-type=\"column\">\n\t\t\t<div class=\"elementor-widget-wrap\">\n\t\t\t\t\t\t\t<\/div>\n\t\t<\/div>\n\t\t\t\t\t<\/div>\n\t\t<\/section>\n\t\t\t\t<section class=\"elementor-section elementor-top-section elementor-element elementor-element-8e5244a elementor-section-boxed elementor-section-height-default elementor-section-height-default\" data-id=\"8e5244a\" data-element_type=\"section\" data-e-type=\"section\">\n\t\t\t\t\t\t<div class=\"elementor-container elementor-column-gap-default\">\n\t\t\t\t\t<div class=\"elementor-column elementor-col-100 elementor-top-column elementor-element elementor-element-eeea6b5\" data-id=\"eeea6b5\" data-element_type=\"column\" data-e-type=\"column\">\n\t\t\t<div class=\"elementor-widget-wrap elementor-element-populated\">\n\t\t\t\t\t\t<section class=\"elementor-section elementor-inner-section elementor-element elementor-element-e5d7670 elementor-reverse-mobile elementor-section-boxed elementor-section-height-default elementor-section-height-default\" data-id=\"e5d7670\" data-element_type=\"section\" data-e-type=\"section\">\n\t\t\t\t\t\t<div class=\"elementor-container elementor-column-gap-default\">\n\t\t\t\t\t<div class=\"elementor-column elementor-col-50 elementor-inner-column elementor-element elementor-element-c22e479 elementor-invisible\" data-id=\"c22e479\" data-element_type=\"column\" data-e-type=\"column\" data-settings=\"{&quot;animation&quot;:&quot;fadeInLeft&quot;}\">\n\t\t\t<div class=\"elementor-widget-wrap elementor-element-populated\">\n\t\t\t\t\t\t<div class=\"elementor-element elementor-element-12d1d86 elementor-widget-divider--view-line elementor-widget elementor-widget-divider\" data-id=\"12d1d86\" data-element_type=\"widget\" data-e-type=\"widget\" data-widget_type=\"divider.default\">\n\t\t\t\t<div class=\"elementor-widget-container\">\n\t\t\t\t\t\t\t<div class=\"elementor-divider\">\n\t\t\t<span class=\"elementor-divider-separator\">\n\t\t\t\t\t\t<\/span>\n\t\t<\/div>\n\t\t\t\t\t\t<\/div>\n\t\t\t\t<\/div>\n\t\t\t\t<div class=\"elementor-element elementor-element-5d90c91 elementor-widget elementor-widget-heading\" data-id=\"5d90c91\" data-element_type=\"widget\" data-e-type=\"widget\" data-widget_type=\"heading.default\">\n\t\t\t\t<div class=\"elementor-widget-container\">\n\t\t\t\t\t<h1 class=\"elementor-heading-title elementor-size-default\">les grandes mar\u00e9es de Saint-malo<\/h1>\t\t\t\t<\/div>\n\t\t\t\t<\/div>\n\t\t\t\t<div class=\"elementor-element elementor-element-80e54b9 elementor-widget elementor-widget-text-editor\" data-id=\"80e54b9\" data-element_type=\"widget\" data-e-type=\"widget\" data-widget_type=\"text-editor.default\">\n\t\t\t\t<div class=\"elementor-widget-container\">\n\t\t\t\t\t\t\t\t\t<div class=\"elementor-element elementor-element-53d0be5 elementor-widget elementor-widget-text-editor\" data-id=\"53d0be5\" data-element_type=\"widget\" data-widget_type=\"text-editor.default\"><div class=\"elementor-widget-container\"><div class=\"elementor-text-editor elementor-clearfix\"><p>Lors des grandes mar\u00e9es Saint Malo offre un spectacle magique. Admirez le bouillonnement de l&rsquo;\u00e9cume et profitez d&rsquo;une situation id\u00e9ale, au c\u0153ur de la ville, \u00e0 quelques minutes de ce rendez-vous stup\u00e9fiant.<\/p><p>Les grandes mar\u00e9es Saint Malo<br \/>Saint-Malo est connu pour \u00eatre le th\u00e9\u00e2tre des plus grandes mar\u00e9es d&rsquo;Europe. On parle de grande mar\u00e9e lorsqu&rsquo;elle atteint ou d\u00e9passe le coefficient d&rsquo;amplitude de 100. En effet, la diff\u00e9rence de hauteur d&rsquo;eau entre la mar\u00e9e haute et la mar\u00e9e basse, appel\u00e9e le marnage, peut atteindre jusqu&rsquo;\u00e0 13 m\u00e8tres ! Lors d&rsquo;une grande mar\u00e9e \u00e0 Saint Malo les \u00e9l\u00e9ments se d\u00e9cha\u00eenent et offrent un spectacle \u00e9poustouflant.<\/p><p>Dans la baie de Saint-Malo, lorsque la mer se retire, les amateurs de p\u00eache \u00e0 pied s&rsquo;en donnent \u00e0 c\u0153ur joie. Parcourez de grandes \u00e9tendues de sable, d\u00e9couvrez des paysages et un milieu pr\u00e9serv\u00e9. \u00c0 mar\u00e9e haute, profitez de la hauteur des remparts pour observer les vagues se brisant sur la digue. Notez qu&rsquo;il est important de rester prudent \u00e0 l&rsquo;approche de la mer !<\/p><p>Un s\u00e9jour 4* en bord de mer<br \/>L&rsquo;h\u00f4tel Le Grand B\u00e9**** vous offre une situation id\u00e9ale au c\u0153ur de la ville de Saint-Malo. Cette ville touristique offre de nombreuses possibilit\u00e9s d&rsquo;activit\u00e9s pour vos vacances. D\u00e9couvrez des paysages \u00e0 couper le souffle pendant vos balades et accordez-vous un moment de d\u00e9tente par la suite.<\/p><p>R\u00e9servez votre s\u00e9jour dans notre \u00e9tablissement 4 \u00e9toiles et profitez d&rsquo;espaces luxueux et chaleureux. D\u00e9cor\u00e9es dans une ambiance contemporaine soign\u00e9e, les chambres vous permettent de vous \u00e9vader et de profiter du charme malouin. Nos diff\u00e9rentes chambres, de la Chambre Classique \u00e0 la Suite avec terrasse, offrent des prestations de qualit\u00e9.<\/p><\/div><\/div><\/div>\t\t\t\t\t\t\t\t<\/div>\n\t\t\t\t<\/div>\n\t\t\t\t\t<\/div>\n\t\t<\/div>\n\t\t\t\t<div class=\"elementor-column elementor-col-50 elementor-inner-column elementor-element elementor-element-3e58e31 elementor-hidden-tablet elementor-invisible\" data-id=\"3e58e31\" data-element_type=\"column\" data-e-type=\"column\" data-settings=\"{&quot;animation&quot;:&quot;fadeInRight&quot;}\">\n\t\t\t<div class=\"elementor-widget-wrap elementor-element-populated\">\n\t\t\t\t\t\t<div class=\"elementor-element elementor-element-b828e4a elementor-widget elementor-widget-image\" data-id=\"b828e4a\" data-element_type=\"widget\" data-e-type=\"widget\" data-widget_type=\"image.default\">\n\t\t\t\t<div class=\"elementor-widget-container\">\n\t\t\t\t\t\t\t\t\t\t\t\t\t\t\t<img decoding=\"async\" src=\"https:\/\/www.legrandbe.com\/wp-content\/uploads\/elementor\/thumbs\/grandes-marees-saint-malo-pjv4twaxbhk68dukr70ic1qmxx3icknddnttmyz6k8.jpg\" title=\"grandes-marees-saint-malo\" alt=\"grandes-marees-saint-malo\" loading=\"lazy\" \/>\t\t\t\t\t\t\t\t\t\t\t\t\t\t\t<\/div>\n\t\t\t\t<\/div>\n\t\t\t\t\t<\/div>\n\t\t<\/div>\n\t\t\t\t\t<\/div>\n\t\t<\/section>\n\t\t\t\t\t<\/div>\n\t\t<\/div>\n\t\t\t\t\t<\/div>\n\t\t<\/section>\n\t\t\t\t<section class=\"elementor-section elementor-top-section elementor-element elementor-element-4d2d401 elementor-section-full_width elementor-section-height-default elementor-section-height-default\" data-id=\"4d2d401\" data-element_type=\"section\" data-e-type=\"section\">\n\t\t\t\t\t\t<div class=\"elementor-container elementor-column-gap-default\">\n\t\t\t\t\t<div class=\"elementor-column elementor-col-100 elementor-top-column elementor-element elementor-element-027239e\" data-id=\"027239e\" data-element_type=\"column\" data-e-type=\"column\">\n\t\t\t<div class=\"elementor-widget-wrap elementor-element-populated\">\n\t\t\t\t\t\t<div class=\"elementor-element elementor-element-df75afd elementor-widget elementor-widget-heading\" data-id=\"df75afd\" data-element_type=\"widget\" data-e-type=\"widget\" data-widget_type=\"heading.default\">\n\t\t\t\t<div class=\"elementor-widget-container\">\n\t\t\t\t\t<div class=\"elementor-heading-title elementor-size-default\">D\u00e9couvrez \u00e9galement<\/div>\t\t\t\t<\/div>\n\t\t\t\t<\/div>\n\t\t\t\t<div class=\"elementor-element elementor-element-96018cd elementor-widget elementor-widget-template\" data-id=\"96018cd\" data-element_type=\"widget\" data-e-type=\"widget\" data-widget_type=\"template.default\">\n\t\t\t\t<div class=\"elementor-widget-container\">\n\t\t\t\t\t\t\t<div class=\"elementor-template\">\n\t\t\t\t\t<div data-elementor-type=\"section\" data-elementor-id=\"9106\" class=\"elementor elementor-9106\" data-elementor-post-type=\"elementor_library\">\n\t\t\t\t\t<section class=\"elementor-section elementor-top-section elementor-element elementor-element-4d3a9afa elementor-section-boxed elementor-section-height-default elementor-section-height-default\" data-id=\"4d3a9afa\" data-element_type=\"section\" data-e-type=\"section\">\n\t\t\t\t\t\t\t<div class=\"elementor-background-overlay\"><\/div>\n\t\t\t\t\t\t\t<div class=\"elementor-container elementor-column-gap-default\">\n\t\t\t\t\t<div class=\"elementor-column elementor-col-100 elementor-top-column elementor-element elementor-element-30992093\" data-id=\"30992093\" data-element_type=\"column\" data-e-type=\"column\">\n\t\t\t<div class=\"elementor-widget-wrap elementor-element-populated\">\n\t\t\t\t\t\t<section class=\"elementor-section elementor-inner-section elementor-element elementor-element-3eebd24c elementor-section-boxed elementor-section-height-default elementor-section-height-default\" data-id=\"3eebd24c\" data-element_type=\"section\" data-e-type=\"section\">\n\t\t\t\t\t\t<div class=\"elementor-container elementor-column-gap-default\">\n\t\t\t\t\t<div class=\"elementor-column elementor-col-100 elementor-inner-column elementor-element elementor-element-3c1303c\" data-id=\"3c1303c\" data-element_type=\"column\" data-e-type=\"column\">\n\t\t\t<div class=\"elementor-widget-wrap elementor-element-populated\">\n\t\t\t\t\t\t<div class=\"elementor-element elementor-element-1b957d95 elementor-cta--skin-cover elementor-cta--valign-bottom cta-tourisme elementor-widget__width-initial dc-has-condition dc-condition-equal elementor-widget elementor-widget-call-to-action\" data-id=\"1b957d95\" data-element_type=\"widget\" data-e-type=\"widget\" data-widget_type=\"call-to-action.default\">\n\t\t\t\t<div class=\"elementor-widget-container\">\n\t\t\t\t\t\t\t<a class=\"elementor-cta\" href=\"https:\/\/www.legrandbe.com\/en\/hotel-saint-malo-bretagne\/\">\n\t\t\t\t\t<div class=\"elementor-cta__bg-wrapper\">\n\t\t\t\t<div class=\"elementor-cta__bg elementor-bg\" style=\"background-image: url(https:\/\/www.legrandbe.com\/wp-content\/uploads\/2022\/02\/the-walled-city-of-saintmalo-france-with-granite-residential-above-picture-id999432182-1024x576.jpg);\" role=\"img\" aria-label=\"the-walled-city-of-saintmalo-france-with-granite-residential-above-picture-id999432182\"><\/div>\n\t\t\t\t<div class=\"elementor-cta__bg-overlay\"><\/div>\n\t\t\t<\/div>\n\t\t\t\t\t\t\t<div class=\"elementor-cta__content\">\n\t\t\t\t\n\t\t\t\t\t\t\t\t\t<h2 class=\"elementor-cta__title elementor-cta__content-item elementor-content-item\">\n\t\t\t\t\t\tSaint-Malo\t\t\t\t\t<\/h2>\n\t\t\t\t\n\t\t\t\t\n\t\t\t\t\t\t\t<\/div>\n\t\t\t\t\t\t<\/a>\n\t\t\t\t\t\t<\/div>\n\t\t\t\t<\/div>\n\t\t\t\t<div class=\"elementor-element elementor-element-2312f18 elementor-cta--skin-cover elementor-cta--valign-bottom cta-tourisme elementor-widget__width-initial dc-has-condition dc-condition-equal elementor-widget elementor-widget-call-to-action\" data-id=\"2312f18\" data-element_type=\"widget\" data-e-type=\"widget\" data-widget_type=\"call-to-action.default\">\n\t\t\t\t<div class=\"elementor-widget-container\">\n\t\t\t\t\t\t\t<a class=\"elementor-cta\" href=\"https:\/\/www.legrandbe.com\/en\/hotel-saint-malo-bretagne\/hotel-charme-saint-malo\/\">\n\t\t\t\t\t<div class=\"elementor-cta__bg-wrapper\">\n\t\t\t\t<div class=\"elementor-cta__bg elementor-bg\" style=\"background-image: url(https:\/\/www.legrandbe.com\/wp-content\/uploads\/2022\/01\/saint-malo-coucher-soeil-1024x1024.jpg);\" role=\"img\" aria-label=\"saint-malo-coucher-soeil\"><\/div>\n\t\t\t\t<div class=\"elementor-cta__bg-overlay\"><\/div>\n\t\t\t<\/div>\n\t\t\t\t\t\t\t<div class=\"elementor-cta__content\">\n\t\t\t\t\n\t\t\t\t\t\t\t\t\t<h2 class=\"elementor-cta__title elementor-cta__content-item elementor-content-item\">\n\t\t\t\t\t\tSaint-Malo, destination id\u00e9ale pour un weekend en amoureux\t\t\t\t\t<\/h2>\n\t\t\t\t\n\t\t\t\t\n\t\t\t\t\t\t\t<\/div>\n\t\t\t\t\t\t<\/a>\n\t\t\t\t\t\t<\/div>\n\t\t\t\t<\/div>\n\t\t\t\t<div class=\"elementor-element elementor-element-7218690f elementor-cta--skin-cover elementor-cta--valign-bottom cta-tourisme elementor-widget__width-initial dc-has-condition dc-condition-equal elementor-widget elementor-widget-call-to-action\" data-id=\"7218690f\" data-element_type=\"widget\" data-e-type=\"widget\" data-widget_type=\"call-to-action.default\">\n\t\t\t\t<div class=\"elementor-widget-container\">\n\t\t\t\t\t\t\t<a class=\"elementor-cta\" href=\"https:\/\/www.legrandbe.com\/en\/hotel-saint-malo-bretagne\/sortir-saint-malo\/\">\n\t\t\t\t\t<div class=\"elementor-cta__bg-wrapper\">\n\t\t\t\t<div class=\"elementor-cta__bg elementor-bg\" style=\"background-image: url(https:\/\/www.legrandbe.com\/wp-content\/uploads\/2022\/01\/saint-malo-panneaux-1024x1017.jpg);\" role=\"img\" aria-label=\"saint-malo-panneaux\"><\/div>\n\t\t\t\t<div class=\"elementor-cta__bg-overlay\"><\/div>\n\t\t\t<\/div>\n\t\t\t\t\t\t\t<div class=\"elementor-cta__content\">\n\t\t\t\t\n\t\t\t\t\t\t\t\t\t<h2 class=\"elementor-cta__title elementor-cta__content-item elementor-content-item\">\n\t\t\t\t\t\t10 id\u00e9es de sorties pour d\u00e9couvrir Saint-Malo\t\t\t\t\t<\/h2>\n\t\t\t\t\n\t\t\t\t\n\t\t\t\t\t\t\t<\/div>\n\t\t\t\t\t\t<\/a>\n\t\t\t\t\t\t<\/div>\n\t\t\t\t<\/div>\n\t\t\t\t<div class=\"elementor-element elementor-element-6985bcc1 elementor-cta--skin-cover elementor-cta--valign-bottom cta-tourisme elementor-widget__width-initial dc-has-condition dc-condition-equal elementor-widget elementor-widget-call-to-action\" data-id=\"6985bcc1\" data-element_type=\"widget\" data-e-type=\"widget\" data-widget_type=\"call-to-action.default\">\n\t\t\t\t<div class=\"elementor-widget-container\">\n\t\t\t\t\t\t\t<a class=\"elementor-cta\" href=\"https:\/\/www.legrandbe.com\/en\/hotel-saint-malo-bretagne\/remparts-saint-malo\/\">\n\t\t\t\t\t<div class=\"elementor-cta__bg-wrapper\">\n\t\t\t\t<div class=\"elementor-cta__bg elementor-bg\" style=\"background-image: url(https:\/\/www.legrandbe.com\/wp-content\/uploads\/2022\/01\/remparts-saint-malo-1024x1024.jpg);\" role=\"img\" aria-label=\"remparts-saint-malo\"><\/div>\n\t\t\t\t<div class=\"elementor-cta__bg-overlay\"><\/div>\n\t\t\t<\/div>\n\t\t\t\t\t\t\t<div class=\"elementor-cta__content\">\n\t\t\t\t\n\t\t\t\t\t\t\t\t\t<h2 class=\"elementor-cta__title elementor-cta__content-item elementor-content-item\">\n\t\t\t\t\t\tD\u00e9couvrez les remparts de Saint-Malo intra-muros pendant vos vacances\t\t\t\t\t<\/h2>\n\t\t\t\t\n\t\t\t\t\n\t\t\t\t\t\t\t<\/div>\n\t\t\t\t\t\t<\/a>\n\t\t\t\t\t\t<\/div>\n\t\t\t\t<\/div>\n\t\t\t\t<div class=\"elementor-element elementor-element-233ea198 elementor-cta--skin-cover elementor-cta--valign-bottom cta-tourisme elementor-widget__width-initial dc-has-condition dc-condition-equal elementor-widget elementor-widget-call-to-action\" data-id=\"233ea198\" data-element_type=\"widget\" data-e-type=\"widget\" data-widget_type=\"call-to-action.default\">\n\t\t\t\t<div class=\"elementor-widget-container\">\n\t\t\t\t\t\t\t<a class=\"elementor-cta\" href=\"https:\/\/www.legrandbe.com\/en\/hotel-saint-malo-bretagne\/hotel-plage-saint-malo\/\">\n\t\t\t\t\t<div class=\"elementor-cta__bg-wrapper\">\n\t\t\t\t<div class=\"elementor-cta__bg elementor-bg\" style=\"background-image: url(https:\/\/www.legrandbe.com\/wp-content\/uploads\/2022\/01\/plages-saint-malo-1024x1024.jpg);\" role=\"img\" aria-label=\"plages-saint-malo\"><\/div>\n\t\t\t\t<div class=\"elementor-cta__bg-overlay\"><\/div>\n\t\t\t<\/div>\n\t\t\t\t\t\t\t<div class=\"elementor-cta__content\">\n\t\t\t\t\n\t\t\t\t\t\t\t\t\t<h2 class=\"elementor-cta__title elementor-cta__content-item elementor-content-item\">\n\t\t\t\t\t\tD\u00e9couvrez les plages de Saint-Malo et la C\u00f4te d'\u00c9meraude\t\t\t\t\t<\/h2>\n\t\t\t\t\n\t\t\t\t\n\t\t\t\t\t\t\t<\/div>\n\t\t\t\t\t\t<\/a>\n\t\t\t\t\t\t<\/div>\n\t\t\t\t<\/div>\n\t\t\t\t<div class=\"elementor-element elementor-element-12a7acb elementor-cta--skin-cover elementor-cta--valign-bottom cta-tourisme elementor-widget__width-initial dc-has-condition dc-condition-equal elementor-widget elementor-widget-call-to-action\" data-id=\"12a7acb\" data-element_type=\"widget\" data-e-type=\"widget\" data-widget_type=\"call-to-action.default\">\n\t\t\t\t<div class=\"elementor-widget-container\">\n\t\t\t\t\t\t\t<a class=\"elementor-cta\" href=\"https:\/\/www.legrandbe.com\/en\/hotel-saint-malo-bretagne\/hotel-cite-corsaire-saint-malo\/\">\n\t\t\t\t\t<div class=\"elementor-cta__bg-wrapper\">\n\t\t\t\t<div class=\"elementor-cta__bg elementor-bg\" style=\"background-image: url(https:\/\/www.legrandbe.com\/wp-content\/uploads\/2022\/01\/fort-national-1024x1009.jpg);\" role=\"img\" aria-label=\"fort-national\"><\/div>\n\t\t\t\t<div class=\"elementor-cta__bg-overlay\"><\/div>\n\t\t\t<\/div>\n\t\t\t\t\t\t\t<div class=\"elementor-cta__content\">\n\t\t\t\t\n\t\t\t\t\t\t\t\t\t<h2 class=\"elementor-cta__title elementor-cta__content-item elementor-content-item\">\n\t\t\t\t\t\tLes bastions de la cit\u00e9 corsaire\t\t\t\t\t<\/h2>\n\t\t\t\t\n\t\t\t\t\n\t\t\t\t\t\t\t<\/div>\n\t\t\t\t\t\t<\/a>\n\t\t\t\t\t\t<\/div>\n\t\t\t\t<\/div>\n\t\t\t\t<div class=\"elementor-element elementor-element-e6c0eb3 elementor-cta--skin-cover elementor-cta--valign-bottom cta-tourisme elementor-widget__width-initial dc-has-condition dc-condition-equal elementor-widget elementor-widget-call-to-action\" data-id=\"e6c0eb3\" data-element_type=\"widget\" data-e-type=\"widget\" data-widget_type=\"call-to-action.default\">\n\t\t\t\t<div class=\"elementor-widget-container\">\n\t\t\t\t\t\t\t<a class=\"elementor-cta\" href=\"https:\/\/www.legrandbe.com\/en\/hotel-saint-malo-bretagne\/hotel-cathedrale-saint-malo\/\">\n\t\t\t\t\t<div class=\"elementor-cta__bg-wrapper\">\n\t\t\t\t<div class=\"elementor-cta__bg elementor-bg\" style=\"background-image: url(https:\/\/www.legrandbe.com\/wp-content\/uploads\/2022\/01\/cathedrale-saint-vincent-1024x1022.jpg);\" role=\"img\" aria-label=\"cathedrale-saint-vincent\"><\/div>\n\t\t\t\t<div class=\"elementor-cta__bg-overlay\"><\/div>\n\t\t\t<\/div>\n\t\t\t\t\t\t\t<div class=\"elementor-cta__content\">\n\t\t\t\t\n\t\t\t\t\t\t\t\t\t<h2 class=\"elementor-cta__title elementor-cta__content-item elementor-content-item\">\n\t\t\t\t\t\tLa cath\u00e9drale Saint-Vincent de Saint-Malo\t\t\t\t\t<\/h2>\n\t\t\t\t\n\t\t\t\t\n\t\t\t\t\t\t\t<\/div>\n\t\t\t\t\t\t<\/a>\n\t\t\t\t\t\t<\/div>\n\t\t\t\t<\/div>\n\t\t\t\t<div class=\"elementor-element elementor-element-6c001be elementor-cta--skin-cover elementor-cta--valign-bottom cta-tourisme elementor-widget__width-initial dc-has-condition dc-condition-equal elementor-widget elementor-widget-call-to-action\" data-id=\"6c001be\" data-element_type=\"widget\" data-e-type=\"widget\" data-widget_type=\"call-to-action.default\">\n\t\t\t\t<div class=\"elementor-widget-container\">\n\t\t\t\t\t\t\t<a class=\"elementor-cta\" href=\"https:\/\/www.legrandbe.com\/en\/hotel-saint-malo-bretagne\/hotel-ile-grand-be\/\">\n\t\t\t\t\t<div class=\"elementor-cta__bg-wrapper\">\n\t\t\t\t<div class=\"elementor-cta__bg elementor-bg\" style=\"background-image: url(https:\/\/www.legrandbe.com\/wp-content\/uploads\/2022\/01\/ile-le-grand-be-1_5a82f96168692-1024x1024.jpg);\" role=\"img\" aria-label=\"ile-le-grand-be-1_5a82f96168692\"><\/div>\n\t\t\t\t<div class=\"elementor-cta__bg-overlay\"><\/div>\n\t\t\t<\/div>\n\t\t\t\t\t\t\t<div class=\"elementor-cta__content\">\n\t\t\t\t\n\t\t\t\t\t\t\t\t\t<h2 class=\"elementor-cta__title elementor-cta__content-item elementor-content-item\">\n\t\t\t\t\t\tL'\u00eele du Grand B\u00e9 et la tombe de Chateaubriand\t\t\t\t\t<\/h2>\n\t\t\t\t\n\t\t\t\t\n\t\t\t\t\t\t\t<\/div>\n\t\t\t\t\t\t<\/a>\n\t\t\t\t\t\t<\/div>\n\t\t\t\t<\/div>\n\t\t<!-- hidden widget 9166-0401885 -->\t\t\t<\/div>\n\t\t<\/div>\n\t\t\t\t\t<\/div>\n\t\t<\/section>\n\t\t\t\t\t<\/div>\n\t\t<\/div>\n\t\t\t\t\t<\/div>\n\t\t<\/section>\n\t\t\t\t<\/div>\n\t\t\t\t<\/div>\n\t\t\t\t\t\t<\/div>\n\t\t\t\t<\/div>\n\t\t\t\t\t<\/div>\n\t\t<\/div>\n\t\t\t\t\t<\/div>\n\t\t<\/section>\n\t\t\t\t<\/div>\n\t\t","protected":false},"excerpt":{"rendered":"<p>les grandes mar\u00e9es de Saint-malo Lors des grandes mar\u00e9es Saint Malo offre un spectacle magique. Admirez le bouillonnement de l&rsquo;\u00e9cume et profitez d&rsquo;une situation id\u00e9ale, au c\u0153ur de la ville, \u00e0 quelques minutes de ce rendez-vous stup\u00e9fiant. Les grandes mar\u00e9es Saint MaloSaint-Malo est connu pour \u00eatre le th\u00e9\u00e2tre des plus grandes mar\u00e9es d&rsquo;Europe. On parle [&hellip;]<\/p>\n","protected":false},"author":5,"featured_media":0,"parent":8775,"menu_order":7,"comment_status":"closed","ping_status":"closed","template":"","meta":{"inline_featured_image":false,"footnotes":""},"class_list":["post-9166","page","type-page","status-publish","hentry"],"_links":{"self":[{"href":"https:\/\/www.legrandbe.com\/en\/wp-json\/wp\/v2\/pages\/9166","targetHints":{"allow":["GET"]}}],"collection":[{"href":"https:\/\/www.legrandbe.com\/en\/wp-json\/wp\/v2\/pages"}],"about":[{"href":"https:\/\/www.legrandbe.com\/en\/wp-json\/wp\/v2\/types\/page"}],"author":[{"embeddable":true,"href":"https:\/\/www.legrandbe.com\/en\/wp-json\/wp\/v2\/users\/5"}],"replies":[{"embeddable":true,"href":"https:\/\/www.legrandbe.com\/en\/wp-json\/wp\/v2\/comments?post=9166"}],"version-history":[{"count":16,"href":"https:\/\/www.legrandbe.com\/en\/wp-json\/wp\/v2\/pages\/9166\/revisions"}],"predecessor-version":[{"id":10484,"href":"https:\/\/www.legrandbe.com\/en\/wp-json\/wp\/v2\/pages\/9166\/revisions\/10484"}],"up":[{"embeddable":true,"href":"https:\/\/www.legrandbe.com\/en\/wp-json\/wp\/v2\/pages\/8775"}],"wp:attachment":[{"href":"https:\/\/www.legrandbe.com\/en\/wp-json\/wp\/v2\/media?parent=9166"}],"curies":[{"name":"wp","href":"https:\/\/api.w.org\/{rel}","templated":true}]}}